{"id":1074,"date":"2024-12-13T14:50:13","date_gmt":"2024-12-13T17:50:13","guid":{"rendered":"https:\/\/gibratel.com\/cordeirodebarrosadv\/?page_id=1074"},"modified":"2024-12-13T15:19:23","modified_gmt":"2024-12-13T18:19:23","slug":"home","status":"publish","type":"page","link":"https:\/\/cordeirodebarros.com.br\/","title":{"rendered":"Home"},"content":{"rendered":"\r\n<div class=\"wp-block-columns is-layout-flex wp-container-core-columns-is-layout-1 wp-block-columns-is-layout-flex\">\r\n<div class=\"wp-block-column divvideo is-layout-flow wp-block-column-is-layout-flow\">\r\n<video id=\"background-video\" playsinline autoplay muted loop>\r\n            <source src=\"wp-content\/uploads\/2024\/09\/Sem-nome-21592-x-400-px.mp4\" type=\"video\/mp4\" \/>\r\n          <\/video>\r\n<\/div>\r\n<\/div>\r\n\r\n\r\n\r\n<div class=\"wp-block-columns alignwide is-not-stacked-on-mobile divQuem is-layout-flex wp-container-core-columns-is-layout-2 wp-block-columns-is-layout-flex\">\r\n<div class=\"wp-block-column has-background is-layout-flow wp-block-column-is-layout-flow\" style=\"background-color:#003a73\">\r\n<p class=\"has-text-align-center has-base-3-color has-text-color has-background has-link-color has-medium-font-size wp-elements-81bbdbe16451e6d584e0881dff9b2b19\" style=\"background-color:#003a73\"><strong>QUEM&nbsp;SOMOS<\/strong><\/p>\r\n\r\n\r\n\r\n<p class=\"has-base-3-color has-text-color has-background has-link-color wp-elements-56c6405abd486dcf2b84e0db45ef6b40\" style=\"background-color:#003a73\">Cordeiro de Barros, Lopes Sociedade de Advogados surgiu a partir da uni\u00e3o de advogados com larga experi\u00eancia em diversas \u00e1reas do direito. &nbsp;Nossos s\u00f3cios, parceiros e profissionais, al\u00e9m de advogados, s\u00e3o tamb\u00e9m graduados ou p\u00f3s-graduados em disciplinas afetas ao direito empresarial, tais como ci\u00eancias cont\u00e1beis, engenharia, administra\u00e7\u00e3o de empresas e economia.&nbsp; Oferecemos uma solu\u00e7\u00e3o full service na assessoria e consultoria jur\u00eddica preventiva, contenciosa e permanente, minimizando o impacto nas demandas empresariais dos nossos clientes.<\/p>\r\n\r\n\r\n\r\n<div style=\"height:29px\" aria-hidden=\"true\" class=\"wp-block-spacer\"><\/div>\r\n<\/div>\r\n<\/div>\r\n\r\n\r\n\r\n<div class=\"wp-block-group alignwide botoes\"><div class=\"wp-block-group__inner-container is-layout-constrained wp-block-group-is-layout-constrained\">\r\n<div class=\"wp-block-columns is-layout-flex wp-container-core-columns-is-layout-3 wp-block-columns-is-layout-flex\">\r\n<div class=\"wp-block-column is-layout-flow wp-block-column-is-layout-flow\">\r\n<div style=\"height:35px\" aria-hidden=\"true\" class=\"wp-block-spacer\"><\/div>\r\n\r\n\r\n\r\n<div class=\"wp-block-buttons is-content-justification-center is-layout-flex wp-container-core-buttons-is-layout-1 wp-block-buttons-is-layout-flex\">\r\n<div class=\"wp-block-button has-custom-width wp-block-button__width-75 has-custom-font-size is-style-fill\" style=\"font-size:25px\"><a class=\"wp-block-button__link has-background has-text-align-center wp-element-button\" href=\"https:\/\/cordeirodebarros.com.br\/landingpage\/\" style=\"border-radius:0px;background-color:#003a73\">PLANOS DE SA\u00daDE<\/a><\/div>\r\n<\/div>\r\n\r\n\r\n\r\n<div style=\"height:84px\" aria-hidden=\"true\" class=\"wp-block-spacer\"><\/div>\r\n\r\n\r\n\r\n<div class=\"wp-block-buttons is-content-justification-center is-layout-flex wp-container-core-buttons-is-layout-2 wp-block-buttons-is-layout-flex\">\r\n<div class=\"wp-block-button has-custom-width wp-block-button__width-75 has-custom-font-size\" style=\"font-size:25px\"><a class=\"wp-block-button__link has-background wp-element-button\" href=\"https:\/\/cordeirodebarros.com.br\/lptrabalhista\/\" style=\"border-radius:0px;background-color:#003a73\">TRABALHISTA<\/a><\/div>\r\n<\/div>\r\n<\/div>\r\n<\/div>\r\n\r\n\r\n\r\n<div style=\"height:32px\" aria-hidden=\"true\" class=\"wp-block-spacer\"><\/div>\r\n<\/div><\/div>\r\n\r\n\r\n\r\n<div class=\"wp-block-group alignwide direito has-contrast-3-background-color has-background\" style=\"font-size:0px\"><div class=\"wp-block-group__inner-container is-layout-constrained wp-block-group-is-layout-constrained\">\r\n<div style=\"height:31px\" aria-hidden=\"true\" class=\"wp-block-spacer\"><\/div>\r\n\r\n\r\n\r\n<p class=\"has-text-align-center has-base-2-color has-text-color has-link-color wp-elements-02a19b19c929b42234d533a6ec271619\" style=\"font-size:28px\"><strong>&#8220;Quando perdemos o direito de ser diferentes, perdemos o privil\u00e9gio de ser livres.&#8221;<\/strong><\/p>\r\n\r\n\r\n\r\n<div class=\"wp-block-columns is-layout-flex wp-container-core-columns-is-layout-4 wp-block-columns-is-layout-flex\">\r\n<div class=\"wp-block-column is-layout-flow wp-block-column-is-layout-flow\">\r\n<div style=\"height:29px\" aria-hidden=\"true\" class=\"wp-block-spacer\"><\/div>\r\n\r\n\r\n\r\n<p class=\"has-text-align-center\" id=\"https:\/\/pt.wikipedia.org\/wiki\/Charles_Evans_Hughes\" style=\"font-style:italic;font-weight:100;font-size:25px;\"><a  style=\"text-decoration:none;  color:#FFFFFF;\"  href=https:\/\/pt.wikipedia.org\/wiki\/Charles_Evans_Hughes\">Charles Evans Hughes<\/a><\/p>\r\n<\/div>\r\n<\/div>\r\n<\/div><\/div>\r\n\r\n\r\n\r\n<div class=\"wp-block-group alignwide containerFale has-background\" style=\"background-color:#003a73\"><div class=\"wp-block-group__inner-container is-layout-constrained wp-block-group-is-layout-constrained\">\r\n<div class=\"wp-block-columns is-layout-flex wp-container-core-columns-is-layout-5 wp-block-columns-is-layout-flex\">\r\n<div class=\"wp-block-column colunaFale is-layout-flow wp-block-column-is-layout-flow\" style=\"flex-basis:50%\">\r\n<p class=\"has-base-3-color has-text-color has-link-color wp-elements-dc0ad8f8b9dfcfc0bce94d14ad5a99ac\" style=\"font-size:25px;font-style:normal;font-weight:700\">FALE CONOSCO<\/p>\r\n\r\n\r\n\r\n<p class=\"has-base-3-color has-text-color has-link-color wp-elements-9f83ce29038341d52e537db13715f3fd\">Endere\u00e7o:<br>Rua Com. Roberto Ugolini, 227<br>Pq. da Mooca &#8211; S\u00e3o Paulo &#8211; SP<br>CEP: 03125-010<\/p>\r\n\r\n\r\n\r\n<div style=\"height:38px\" aria-hidden=\"true\" class=\"wp-block-spacer\"><\/div>\r\n\r\n\r\n\r\n\r\n<p class=\"has-base-3-color has-text-color has-link-color wp-elements-fba5dfc54cbf964cfafefee77a3911b5\">Email: <a href=\"mailto:contato@cordeirodebarros.com.br\"> contato@cordeirodebarros.com.br<\/a><br>Email2: <a href=\"mailto:ocb1@terra.com.br\"> ocb1@terra.com.br<\/a>\r\n<br>Telefone: +55 11 97899-1144<br>WhatsApp: +55 11 97054-5353<\/p>\r\n\r\n\r\n\r\n<div style=\"height:28px\" aria-hidden=\"true\" class=\"wp-block-spacer\"><\/div>\r\n\r\n\r\n\r\n<ul class=\"wp-block-social-links alignleft has-icon-color has-icon-background-color is-horizontal is-content-justification-space-between is-layout-flex wp-container-core-social-links-is-layout-1 wp-block-social-links-is-layout-flex\"><li style=\"color: #003a73; background-color: var(u002du002dbase-3); \" class=\"wp-social-link wp-social-link-instagram has-base-3-background-color wp-block-social-link\"><a rel=\"noopener nofollow\" target=\"_blank\" href=\"https:\/\/www.instagram.com\/cordeirodebarrosadvogados\/\" class=\"wp-block-social-link-anchor\"><svg width=\"24\" height=\"24\" viewBox=\"0 0 24 24\" version=\"1.1\" xmlns=\"http:\/\/www.w3.org\/2000\/svg\" aria-hidden=\"true\" focusable=\"false\"><path d=\"M12,4.622c2.403,0,2.688,0.009,3.637,0.052c0.877,0.04,1.354,0.187,1.671,0.31c0.42,0.163,0.72,0.358,1.035,0.673 c0.315,0.315,0.51,0.615,0.673,1.035c0.123,0.317,0.27,0.794,0.31,1.671c0.043,0.949,0.052,1.234,0.052,3.637 s-0.009,2.688-0.052,3.637c-0.04,0.877-0.187,1.354-0.31,1.671c-0.163,0.42-0.358,0.72-0.673,1.035 c-0.315,0.315-0.615,0.51-1.035,0.673c-0.317,0.123-0.794,0.27-1.671,0.31c-0.949,0.043-1.233,0.052-3.637,0.052 s-2.688-0.009-3.637-0.052c-0.877-0.04-1.354-0.187-1.671-0.31c-0.42-0.163-0.72-0.358-1.035-0.673 c-0.315-0.315-0.51-0.615-0.673-1.035c-0.123-0.317-0.27-0.794-0.31-1.671C4.631,14.688,4.622,14.403,4.622,12 s0.009-2.688,0.052-3.637c0.04-0.877,0.187-1.354,0.31-1.671c0.163-0.42,0.358-0.72,0.673-1.035 c0.315-0.315,0.615-0.51,1.035-0.673c0.317-0.123,0.794-0.27,1.671-0.31C9.312,4.631,9.597,4.622,12,4.622 M12,3 C9.556,3,9.249,3.01,8.289,3.054C7.331,3.098,6.677,3.25,6.105,3.472C5.513,3.702,5.011,4.01,4.511,4.511 c-0.5,0.5-0.808,1.002-1.038,1.594C3.25,6.677,3.098,7.331,3.054,8.289C3.01,9.249,3,9.556,3,12c0,2.444,0.01,2.751,0.054,3.711 c0.044,0.958,0.196,1.612,0.418,2.185c0.23,0.592,0.538,1.094,1.038,1.594c0.5,0.5,1.002,0.808,1.594,1.038 c0.572,0.222,1.227,0.375,2.185,0.418C9.249,20.99,9.556,21,12,21s2.751-0.01,3.711-0.054c0.958-0.044,1.612-0.196,2.185-0.418 c0.592-0.23,1.094-0.538,1.594-1.038c0.5-0.5,0.808-1.002,1.038-1.594c0.222-0.572,0.375-1.227,0.418-2.185 C20.99,14.751,21,14.444,21,12s-0.01-2.751-0.054-3.711c-0.044-0.958-0.196-1.612-0.418-2.185c-0.23-0.592-0.538-1.094-1.038-1.594 c-0.5-0.5-1.002-0.808-1.594-1.038c-0.572-0.222-1.227-0.375-2.185-0.418C14.751,3.01,14.444,3,12,3L12,3z M12,7.378 c-2.552,0-4.622,2.069-4.622,4.622S9.448,16.622,12,16.622s4.622-2.069,4.622-4.622S14.552,7.378,12,7.378z M12,15 c-1.657,0-3-1.343-3-3s1.343-3,3-3s3,1.343,3,3S13.657,15,12,15z M16.804,6.116c-0.596,0-1.08,0.484-1.08,1.08 s0.484,1.08,1.08,1.08c0.596,0,1.08-0.484,1.08-1.08S17.401,6.116,16.804,6.116z\"><\/path><\/svg><span class=\"wp-block-social-link-label screen-reader-text\">Instagram<\/span><\/a><\/li>\r\n\r\n<li style=\"color: #003a73; background-color: var(u002du002dbase-3); \" class=\"wp-social-link wp-social-link-facebook has-base-3-background-color wp-block-social-link\"><a rel=\"noopener nofollow\" target=\"_blank\" href=\"https:\/\/www.facebook.com\/cordeirodebarrosadvogados\" class=\"wp-block-social-link-anchor\"><svg width=\"24\" height=\"24\" viewBox=\"0 0 24 24\" version=\"1.1\" xmlns=\"http:\/\/www.w3.org\/2000\/svg\" aria-hidden=\"true\" focusable=\"false\"><path d=\"M12 2C6.5 2 2 6.5 2 12c0 5 3.7 9.1 8.4 9.9v-7H7.9V12h2.5V9.8c0-2.5 1.5-3.9 3.8-3.9 1.1 0 2.2.2 2.2.2v2.5h-1.3c-1.2 0-1.6.8-1.6 1.6V12h2.8l-.4 2.9h-2.3v7C18.3 21.1 22 17 22 12c0-5.5-4.5-10-10-10z\"><\/path><\/svg><span class=\"wp-block-social-link-label screen-reader-text\">Facebook<\/span><\/a><\/li>\r\n\r\n<li style=\"color: #003a73; background-color: var(u002du002dbase-3); \" class=\"wp-social-link wp-social-link-x has-base-3-background-color wp-block-social-link\"><a rel=\"noopener nofollow\" target=\"_blank\" href=\"https:\/\/twitter.com\/CordeirodBarros\" class=\"wp-block-social-link-anchor\"><svg width=\"24\" height=\"24\" viewBox=\"0 0 24 24\" version=\"1.1\" xmlns=\"http:\/\/www.w3.org\/2000\/svg\" aria-hidden=\"true\" focusable=\"false\"><path d=\"M13.982 10.622 20.54 3h-1.554l-5.693 6.618L8.745 3H3.5l6.876 10.007L3.5 21h1.554l6.012-6.989L15.868 21h5.245l-7.131-10.378Zm-2.128 2.474-.697-.997-5.543-7.93H8l4.474 6.4.697.996 5.815 8.318h-2.387l-4.745-6.787Z\" \/><\/svg><span class=\"wp-block-social-link-label screen-reader-text\">X<\/span><\/a><\/li>\r\n\r\n<li style=\"color: #003a73; background-color: var(u002du002dbase-3); \" class=\"wp-social-link wp-social-link-linkedin has-base-3-background-color wp-block-social-link\"><a rel=\"noopener nofollow\" target=\"_blank\" href=\"https:\/\/www.linkedin.com\/company\/cordeiro-de-barros-sociedade-de-advogados\/?viewAsMember=true\" class=\"wp-block-social-link-anchor\"><svg width=\"24\" height=\"24\" viewBox=\"0 0 24 24\" version=\"1.1\" xmlns=\"http:\/\/www.w3.org\/2000\/svg\" aria-hidden=\"true\" focusable=\"false\"><path d=\"M19.7,3H4.3C3.582,3,3,3.582,3,4.3v15.4C3,20.418,3.582,21,4.3,21h15.4c0.718,0,1.3-0.582,1.3-1.3V4.3 C21,3.582,20.418,3,19.7,3z M8.339,18.338H5.667v-8.59h2.672V18.338z M7.004,8.574c-0.857,0-1.549-0.694-1.549-1.548 c0-0.855,0.691-1.548,1.549-1.548c0.854,0,1.547,0.694,1.547,1.548C8.551,7.881,7.858,8.574,7.004,8.574z M18.339,18.338h-2.669 v-4.177c0-0.996-0.017-2.278-1.387-2.278c-1.389,0-1.601,1.086-1.601,2.206v4.249h-2.667v-8.59h2.559v1.174h0.037 c0.356-0.675,1.227-1.387,2.526-1.387c2.703,0,3.203,1.779,3.203,4.092V18.338z\"><\/path><\/svg><span class=\"wp-block-social-link-label screen-reader-text\">LinkedIn<\/span><\/a><\/li>\r\n\r\n<li style=\"color: #003a73; background-color: var(u002du002dbase-3); \" class=\"wp-social-link wp-social-link-youtube has-base-3-background-color wp-block-social-link\"><a rel=\"noopener nofollow\" target=\"_blank\" href=\"https:\/\/www.youtube.com\/channel\/UCZsV1H-gQl5bCqlNfGRoNQw\" class=\"wp-block-social-link-anchor\"><svg width=\"24\" height=\"24\" viewBox=\"0 0 24 24\" version=\"1.1\" xmlns=\"http:\/\/www.w3.org\/2000\/svg\" aria-hidden=\"true\" focusable=\"false\"><path d=\"M21.8,8.001c0,0-0.195-1.378-0.795-1.985c-0.76-0.797-1.613-0.801-2.004-0.847c-2.799-0.202-6.997-0.202-6.997-0.202 h-0.009c0,0-4.198,0-6.997,0.202C4.608,5.216,3.756,5.22,2.995,6.016C2.395,6.623,2.2,8.001,2.2,8.001S2,9.62,2,11.238v1.517 c0,1.618,0.2,3.237,0.2,3.237s0.195,1.378,0.795,1.985c0.761,0.797,1.76,0.771,2.205,0.855c1.6,0.153,6.8,0.201,6.8,0.201 s4.203-0.006,7.001-0.209c0.391-0.047,1.243-0.051,2.004-0.847c0.6-0.607,0.795-1.985,0.795-1.985s0.2-1.618,0.2-3.237v-1.517 C22,9.62,21.8,8.001,21.8,8.001z M9.935,14.594l-0.001-5.62l5.404,2.82L9.935,14.594z\"><\/path><\/svg><span class=\"wp-block-social-link-label screen-reader-text\">YouTube<\/span><\/a><\/li><\/ul>\r\n<\/div>\r\n\r\n\r\n\r\n<div class=\"wp-block-column is-layout-flow wp-block-column-is-layout-flow\">\n<div class=\"wpcf7 no-js\" id=\"wpcf7-f195-o1\" lang=\"pt-BR\" dir=\"ltr\" data-wpcf7-id=\"195\">\n<div class=\"screen-reader-response\"><p role=\"status\" aria-live=\"polite\" aria-atomic=\"true\"><\/p> <ul><\/ul><\/div>\n<form action=\"\/index.php\/wp-json\/wp\/v2\/pages\/1074#wpcf7-f195-o1\" method=\"post\" class=\"wpcf7-form init\" aria-label=\"Formul\u00e1rios de contato\" novalidate=\"novalidate\" data-status=\"init\">\n<div style=\"display: none;\">\n<input type=\"hidden\" name=\"_wpcf7\" value=\"195\" \/>\n<input type=\"hidden\" name=\"_wpcf7_version\" value=\"6.0.6\" \/>\n<input type=\"hidden\" name=\"_wpcf7_locale\" value=\"pt_BR\" \/>\n<input type=\"hidden\" name=\"_wpcf7_unit_tag\" value=\"wpcf7-f195-o1\" \/>\n<input type=\"hidden\" name=\"_wpcf7_container_post\" value=\"0\" \/>\n<input type=\"hidden\" name=\"_wpcf7_posted_data_hash\" value=\"\" \/>\n<input type=\"hidden\" name=\"_wpcf7_recaptcha_response\" value=\"\" \/>\n<\/div>\n<p><label> Seu nome<br \/>\n<span class=\"wpcf7-form-control-wrap\" data-name=\"your-name\"><input size=\"40\" maxlength=\"400\" class=\"wpcf7-form-control wpcf7-text wpcf7-validates-as-required\" autocomplete=\"name\" aria-required=\"true\" aria-invalid=\"false\" value=\"\" type=\"text\" name=\"your-name\" \/><\/span> <\/label>\n<\/p>\n<p><label> Seu e-mail<br \/>\n<span class=\"wpcf7-form-control-wrap\" data-name=\"your-email\"><input size=\"40\" maxlength=\"400\" class=\"wpcf7-form-control wpcf7-email wpcf7-validates-as-required wpcf7-text wpcf7-validates-as-email\" autocomplete=\"email\" aria-required=\"true\" aria-invalid=\"false\" value=\"\" type=\"email\" name=\"your-email\" \/><\/span> <\/label>\n<\/p>\n<p><label> Assunto<br \/>\n<span class=\"wpcf7-form-control-wrap\" data-name=\"your-subject\"><input size=\"40\" maxlength=\"400\" class=\"wpcf7-form-control wpcf7-text wpcf7-validates-as-required\" aria-required=\"true\" aria-invalid=\"false\" value=\"\" type=\"text\" name=\"your-subject\" \/><\/span> <\/label>\n<\/p>\n<p><label> Sua mensagem (opcional)<br \/>\n<span class=\"wpcf7-form-control-wrap\" data-name=\"your-message\"><textarea cols=\"40\" rows=\"10\" maxlength=\"2000\" class=\"wpcf7-form-control wpcf7-textarea\" aria-invalid=\"false\" name=\"your-message\"><\/textarea><\/span> <\/label>\n<\/p>\n<p><input class=\"wpcf7-form-control wpcf7-submit has-spinner\" type=\"submit\" value=\"Enviar\" \/>\n<\/p><div class=\"wpcf7-response-output\" aria-hidden=\"true\"><\/div>\n<\/form>\n<\/div>\n\n\r\n\r\n\r\n<div style=\"height:5px\" aria-hidden=\"true\" class=\"wp-block-spacer\"><\/div>\r\n<\/div>\r\n<\/div>\r\n<\/div><\/div>\r\n\r\n\r\n\r\n<div class=\"wp-block-columns is-layout-flex wp-container-core-columns-is-layout-6 wp-block-columns-is-layout-flex\">\r\n<div class=\"wp-block-column is-layout-flow wp-block-column-is-layout-flow\">\r\n<p class=\"has-text-align-center has-base-3-color has-text-color has-background has-link-color wp-elements-61275ff14643a5dc97a2f517ba92414a\" style=\"background-color:#003a73;font-size:10px\">\u00a92018-2024\u00a0 Cordeiro de Barros Advogados<\/p>\r\n<\/div>\r\n<\/div>\r\n\r\n\r\n\r\n<p><\/p>\r\n","protected":false},"excerpt":{"rendered":"<p>QUEM&nbsp;SOMOS Cordeiro de Barros, Lopes Sociedade de Advogados surgiu a partir da uni\u00e3o de advogados com larga experi\u00eancia em diversas \u00e1reas do direito. &nbsp;Nossos s\u00f3cios, parceiros e profissionais, al\u00e9m de advogados, s\u00e3o tamb\u00e9m graduados ou p\u00f3s-graduados em disciplinas afetas ao direito empresarial, tais como ci\u00eancias cont\u00e1beis, engenharia, administra\u00e7\u00e3o de empresas e economia.&nbsp; Oferecemos uma solu\u00e7\u00e3o &#8230; <a title=\"Home\" class=\"read-more\" href=\"https:\/\/cordeirodebarros.com.br\/\" aria-label=\"Read more about Home\">Ler mais<\/a><\/p>\n","protected":false},"author":1,"featured_media":0,"parent":0,"menu_order":0,"comment_status":"closed","ping_status":"closed","template":"","meta":{"footnotes":""},"_links":{"self":[{"href":"https:\/\/cordeirodebarros.com.br\/index.php\/wp-json\/wp\/v2\/pages\/1074"}],"collection":[{"href":"https:\/\/cordeirodebarros.com.br\/index.php\/wp-json\/wp\/v2\/pages"}],"about":[{"href":"https:\/\/cordeirodebarros.com.br\/index.php\/wp-json\/wp\/v2\/types\/page"}],"author":[{"embeddable":true,"href":"https:\/\/cordeirodebarros.com.br\/index.php\/wp-json\/wp\/v2\/users\/1"}],"replies":[{"embeddable":true,"href":"https:\/\/cordeirodebarros.com.br\/index.php\/wp-json\/wp\/v2\/comments?post=1074"}],"version-history":[{"count":2,"href":"https:\/\/cordeirodebarros.com.br\/index.php\/wp-json\/wp\/v2\/pages\/1074\/revisions"}],"predecessor-version":[{"id":1194,"href":"https:\/\/cordeirodebarros.com.br\/index.php\/wp-json\/wp\/v2\/pages\/1074\/revisions\/1194"}],"wp:attachment":[{"href":"https:\/\/cordeirodebarros.com.br\/index.php\/wp-json\/wp\/v2\/media?parent=1074"}],"curies":[{"name":"wp","href":"https:\/\/api.w.org\/{rel}","templated":true}]}}