{"id":771,"date":"2024-09-23T02:19:09","date_gmt":"2024-09-23T05:19:09","guid":{"rendered":"https:\/\/gibratel.com\/cordeirodebarrosadv\/?page_id=771"},"modified":"2024-12-13T15:19:45","modified_gmt":"2024-12-13T18:19:45","slug":"advogados","status":"publish","type":"page","link":"https:\/\/cordeirodebarros.com.br\/index.php\/advogados\/","title":{"rendered":"Advogados"},"content":{"rendered":"\n<div class=\"wp-block-columns is-layout-flex wp-container-core-columns-is-layout-1 wp-block-columns-is-layout-flex\">\n<div class=\"wp-block-column is-layout-flow wp-block-column-is-layout-flow\">\n<div style=\"height:100px\" aria-hidden=\"true\" class=\"wp-block-spacer\"><\/div>\n<\/div>\n<\/div>\n\n\n\n<div class=\"wp-block-columns alignwide is-not-stacked-on-mobile divQuem is-layout-flex wp-container-core-columns-is-layout-2 wp-block-columns-is-layout-flex\">\n<div class=\"wp-block-column has-base-3-background-color has-background is-layout-flow wp-block-column-is-layout-flow\"><\/div>\n<\/div>\n\n\n\n<div style=\"height:21px\" aria-hidden=\"true\" class=\"wp-block-spacer\"><\/div>\n\n\n\n<div style=\"height:51px\" aria-hidden=\"true\" class=\"wp-block-spacer\"><\/div>\n\n\n\n<div class=\"wp-block-columns is-layout-flex wp-container-core-columns-is-layout-3 wp-block-columns-is-layout-flex\">\n<div class=\"wp-block-column is-layout-flow wp-block-column-is-layout-flow\" style=\"flex-basis:10%\"><\/div>\n\n\n\n<div class=\"wp-block-column is-layout-flow wp-block-column-is-layout-flow\">\n<p class=\"has-text-color has-link-color wp-elements-dc4afeb59acb65dc4074b39a1acad601\" style=\"color:#003a77\"><strong>Dr. ORLANDO CORDEIRO DE BARROS<\/strong><\/p>\n\n\n\n<p style=\"font-size:14px\">Advogado militante desde 1987. Especialista em Direito Tribut\u00e1rio e Processo Civil pela Pontif\u00edcia Universidade Cat\u00f3lica de S\u00e3o Paulo \u2013 PCU\/SP. Especialista em Direito P\u00fablico pela Escola Superior do Minist\u00e9rio P\u00fablico do Estado de S\u00e3o Paulo. Especialista em Administra\u00e7\u00e3o de Empresas pela Faculdade S\u00e3o Lu\u00eds \u2013 SP. Especialista em Direito Civil e Processual Civil pela Universidade Toledo de Ensino de Bauru \u2013 ITE.<\/p>\n\n\n\n<p><ul class=\"color_43 wixui-rich-text__text\" style=\"background: transparent; border: 0px; margin: 0px; outline: 0px; padding: 0px; vertical-align: baseline; list-style: disc; pointer-events: auto; color: rgb(var(--color_43)); letter-spacing: normal; line-height: normal; margin-inline: 0.5em 0px; padding-inline: 1.3em 0px; font-style: normal; font-variant-ligatures: normal; font-variant-caps: normal; font-weight: normal; orphans: 2; text-indent: 0px; text-transform: none; widows: 2; word-spacing: 0px; -webkit-text-stroke-width: 0px; white-space: normal; text-decoration-thickness: initial; text-decoration-style: initial; text-decoration-color: initial; font-family: montserrat, sans-serif; font-size: 13px; text-align: justify;\"><li class=\"wixui-rich-text__text\" style=\"background: transparent; border: 0px; margin: 0px; outline: 0px; padding: 0px; vertical-align: baseline; font-style: inherit; font-weight: inherit; letter-spacing: normal; line-height: 1.6em;\"><p class=\"font_9 wixui-rich-text__text\" style=\"background: transparent; border: 0px; outline: 0px; padding: 0px; vertical-align: baseline; font-style: ; font-variant-ligatures: ; font-variant-caps: ; font-variant-numeric: ; font-variant-east-asian: ; font-variant-alternates: ; font-variant-position: ; font-weight: ; font-stretch: ; font-size: 13px; line-height: 1.6em; font-family: ; font-optical-sizing: ; font-size-adjust: ; font-kerning: ; font-feature-settings: ; font-variation-settings: ; color: rgb(var(--color_14)); letter-spacing: 0em; margin-block: 0px; margin: 0px;\"><span class=\"color_43 wixui-rich-text__text\" style=\"background: transparent; border: 0px; margin: 0px; outline: 0px; padding: 0px; vertical-align: baseline; color: rgb(var(--color_43));\"><span class=\"wixui-rich-text__text\" style=\"background: transparent; border: 0px; margin: 0px; outline: 0px; padding: 0px; vertical-align: baseline; font-size: 13px;\"><span class=\"wixui-rich-text__text\" style=\"background: transparent; border: 0px; margin: 0px; outline: 0px; padding: 0px; vertical-align: baseline; font-family: montserrat, sans-serif;\"><span class=\"wixui-rich-text__text\" style=\"background: transparent; border: 0px; margin: 0px; outline: 0px; padding: 0px; vertical-align: baseline; letter-spacing: normal;\"><span class=\"wixui-rich-text__text\" style=\"background: transparent; border: 0px; margin: 0px; outline: 0px; padding: 0px; vertical-align: baseline; font-weight: bold;\">E-mail:<span>\u00a0<\/span><span class=\"wixui-rich-text__text\" style=\"background: transparent; border: 0px; margin: 0px; outline: 0px; padding: 0px; vertical-align: baseline; text-decoration: underline;\"><a class=\"wixui-rich-text__text\" style=\"background: transparent; border: 0px; margin: 0px; outline: 0px; padding: 0px; vertical-align: baseline; cursor: pointer; text-decoration: none; color: inherit;\" href=\"mailto:orlando@cordeirodebarros.com.br\" target=\"_self\" rel=\"noopener\">orlando@cordeirodebarros.com.br<\/a><\/span><\/span><\/span><\/span><\/span><\/span><\/p><\/li><\/ul><\/p>\n\n\n\n<div style=\"height:40px\" aria-hidden=\"true\" class=\"wp-block-spacer\"><\/div>\n\n\n\n<div class=\"wp-block-buttons is-content-justification-right is-layout-flex wp-container-core-buttons-is-layout-1 wp-block-buttons-is-layout-flex\">\n<div class=\"wp-block-button\"><a class=\"wp-block-button__link has-background has-text-align-right wp-element-button\" style=\"border-radius:0px;background-color:#003a77\">CONTATO<\/a><\/div>\n<\/div>\n<\/div>\n\n\n\n<div class=\"wp-block-column is-layout-flow wp-block-column-is-layout-flow\" style=\"flex-basis:15%\"><\/div>\n\n\n\n<div class=\"wp-block-column is-layout-flow wp-block-column-is-layout-flow\">\n<figure class=\"wp-block-image size-full is-resized\"><img loading=\"lazy\" decoding=\"async\" width=\"453\" height=\"453\" src=\"https:\/\/gibratel.com\/cordeirodebarrosadv\/wp-content\/uploads\/2024\/09\/orlando.webp\" alt=\"\" class=\"wp-image-772\" style=\"width:390px;height:auto\" srcset=\"https:\/\/cordeirodebarros.com.br\/wp-content\/uploads\/2024\/09\/orlando.webp 453w, https:\/\/cordeirodebarros.com.br\/wp-content\/uploads\/2024\/09\/orlando-300x300.webp 300w, https:\/\/cordeirodebarros.com.br\/wp-content\/uploads\/2024\/09\/orlando-150x150.webp 150w\" sizes=\"(max-width: 453px) 100vw, 453px\" \/><\/figure>\n<\/div>\n<\/div>\n\n\n\n<div style=\"height:33px\" aria-hidden=\"true\" class=\"wp-block-spacer\"><\/div>\n\n\n\n<div class=\"wp-block-columns is-layout-flex wp-container-core-columns-is-layout-4 wp-block-columns-is-layout-flex\">\n<div class=\"wp-block-column is-layout-flow wp-block-column-is-layout-flow\" style=\"flex-basis:10%\"><\/div>\n\n\n\n<div class=\"wp-block-column is-layout-flow wp-block-column-is-layout-flow\">\n<figure class=\"wp-block-image size-full is-resized\"><img loading=\"lazy\" decoding=\"async\" width=\"436\" height=\"426\" src=\"https:\/\/gibratel.com\/cordeirodebarrosadv\/wp-content\/uploads\/2024\/09\/vitor.webp\" alt=\"\" class=\"wp-image-788\" style=\"width:390px;height:auto\" srcset=\"https:\/\/cordeirodebarros.com.br\/wp-content\/uploads\/2024\/09\/vitor.webp 436w, https:\/\/cordeirodebarros.com.br\/wp-content\/uploads\/2024\/09\/vitor-300x293.webp 300w\" sizes=\"(max-width: 436px) 100vw, 436px\" \/><\/figure>\n<\/div>\n\n\n\n<div class=\"wp-block-column is-layout-flow wp-block-column-is-layout-flow\" style=\"flex-basis:15%\"><\/div>\n\n\n\n<div class=\"wp-block-column is-layout-flow wp-block-column-is-layout-flow\">\n<p class=\"has-text-color has-link-color wp-elements-8b0efdc629df6d3426a10805a713101e\" style=\"color:#003a77\"><strong>Dr. VITOR ROMITO PELISSONI<\/strong><\/p>\n\n\n\n<p style=\"font-size:14px\">Advogado. Bacharel em Direito pelo Centro Universit\u00e1rio Toledo \u2013 Ara\u00e7atuba\/SP. Especialista em Direito Processual Civil pela Pontif\u00edcia Universidade Cat\u00f3lica de S\u00e3o Paulo \u2013 PUC\/SP. Especialista em Direito do Trabalho e Direito Processual do Trabalho pela Faculdade Legale.<\/p>\n\n\n\n<p><ul class=\"color_43 wixui-rich-text__text\" style=\"background: transparent; border: 0px; margin: 0px; outline: 0px; padding: 0px; vertical-align: baseline; list-style: disc; pointer-events: auto; color: rgb(var(--color_43)); letter-spacing: normal; line-height: 1.4em; margin-inline: 0.5em 0px; padding-inline: 1.3em 0px; font-style: normal; font-variant-ligatures: normal; font-variant-caps: normal; orphans: 2; text-indent: 0px; text-transform: none; widows: 2; word-spacing: 0px; -webkit-text-stroke-width: 0px; white-space: normal; text-decoration-thickness: initial; text-decoration-style: initial; text-decoration-color: initial; font-family: montserrat, sans-serif; font-size: 13px; text-align: justify; font-weight: bold;\"><li class=\"wixui-rich-text__text\" style=\"background: transparent; border: 0px; margin: 0px; outline: 0px; padding: 0px; vertical-align: baseline; font-style: inherit; font-weight: inherit; letter-spacing: normal; line-height: 1.4em;\"><p class=\"font_9 wixui-rich-text__text\" style=\"background: transparent; border: 0px; outline: 0px; padding: 0px; vertical-align: baseline; font-style: ; font-variant-ligatures: ; font-variant-caps: ; font-variant-numeric: ; font-variant-east-asian: ; font-variant-alternates: ; font-variant-position: ; font-weight: ; font-stretch: ; font-size: 13px; line-height: 1.4em; font-family: ; font-optical-sizing: ; font-size-adjust: ; font-kerning: ; font-feature-settings: ; font-variation-settings: ; color: rgb(var(--color_14)); letter-spacing: 0em; margin-block: 0px; margin: 0px;\"><span class=\"wixui-rich-text__text\" style=\"background: transparent; border: 0px; margin: 0px; outline: 0px; padding: 0px; vertical-align: baseline; font-weight: bold;\"><span class=\"color_43 wixui-rich-text__text\" style=\"background: transparent; border: 0px; margin: 0px; outline: 0px; padding: 0px; vertical-align: baseline; color: rgb(var(--color_43));\"><span class=\"wixui-rich-text__text\" style=\"background: transparent; border: 0px; margin: 0px; outline: 0px; padding: 0px; vertical-align: baseline; font-size: 13px;\"><span class=\"wixui-rich-text__text\" style=\"background: transparent; border: 0px; margin: 0px; outline: 0px; padding: 0px; vertical-align: baseline; font-family: montserrat, sans-serif;\"><span class=\"wixui-rich-text__text\" style=\"background: transparent; border: 0px; margin: 0px; outline: 0px; padding: 0px; vertical-align: baseline; letter-spacing: normal;\">E-mail:<span>\u00a0<\/span><span class=\"wixui-rich-text__text\" style=\"background: transparent; border: 0px; margin: 0px; outline: 0px; padding: 0px; vertical-align: baseline; text-decoration: underline;\"><a class=\"wixui-rich-text__text\" style=\"background: transparent; border: 0px; margin: 0px; outline: 0px; padding: 0px; vertical-align: baseline; cursor: pointer; text-decoration: none; color: inherit;\" href=\"mailto:vitor@cordeirodebarros.com.br\" target=\"_self\" rel=\"noopener\">vitor@cordeirodebarros.com.br<\/a><\/span><\/span><\/span><\/span><\/span><\/span><\/p><\/li><\/ul><\/p>\n\n\n\n<div style=\"height:40px\" aria-hidden=\"true\" class=\"wp-block-spacer\"><\/div>\n\n\n\n<div class=\"wp-block-buttons is-layout-flex wp-block-buttons-is-layout-flex\">\n<div class=\"wp-block-button\"><a class=\"wp-block-button__link has-background has-text-align-right wp-element-button\" style=\"border-radius:0px;background-color:#003a77\">CONTATO<\/a><\/div>\n<\/div>\n<\/div>\n<\/div>\n\n\n\n<div style=\"height:33px\" aria-hidden=\"true\" class=\"wp-block-spacer\"><\/div>\n\n\n\n<div class=\"wp-block-columns is-layout-flex wp-container-core-columns-is-layout-5 wp-block-columns-is-layout-flex\">\n<div class=\"wp-block-column is-layout-flow wp-block-column-is-layout-flow\" style=\"flex-basis:10%\"><\/div>\n\n\n\n<div class=\"wp-block-column is-layout-flow wp-block-column-is-layout-flow\">\n<p class=\"has-text-color has-link-color wp-elements-8b0efdc629df6d3426a10805a713101e\" style=\"color:#003a77\"><strong>Dr. VITOR ROMITO PELISSONI<\/strong><\/p>\n\n\n\n<p style=\"font-size:14px\">Advogado. Graduado pelo Centro Universit\u00e1rio Toledo de Ara\u00e7atuba\/SP. Especialista em direito processual civil pela Pontif\u00edcia Universidade Cat\u00f3lica de S\u00e3o Paulo &#8211; PUC\/SP.<\/p>\n\n\n\n<p><ul class=\"color_43 wixui-rich-text__text\" style=\"background: transparent; border: 0px; margin: 0px; outline: 0px; padding: 0px; vertical-align: baseline; list-style: disc; pointer-events: auto; color: rgb(var(--color_43)); letter-spacing: normal; line-height: normal; margin-inline: 0.5em 0px; padding-inline: 1.3em 0px; font-style: normal; font-variant-ligatures: normal; font-variant-caps: normal; font-weight: normal; orphans: 2; text-indent: 0px; text-transform: none; widows: 2; word-spacing: 0px; -webkit-text-stroke-width: 0px; white-space: normal; text-decoration-thickness: initial; text-decoration-style: initial; text-decoration-color: initial; font-family: montserrat, sans-serif; font-size: 13px; text-align: justify;\"><li class=\"wixui-rich-text__text\" style=\"background: transparent; border: 0px; margin: 0px; outline: 0px; padding: 0px; vertical-align: baseline; font-style: inherit; font-weight: inherit; letter-spacing: normal; line-height: 1.6em;\"><p class=\"font_9 wixui-rich-text__text\" style=\"background: transparent; border: 0px; outline: 0px; padding: 0px; vertical-align: baseline; font-style: ; font-variant-ligatures: ; font-variant-caps: ; font-variant-numeric: ; font-variant-east-asian: ; font-variant-alternates: ; font-variant-position: ; font-weight: ; font-stretch: ; font-size: 13px; line-height: 1.6em; font-family: ; font-optical-sizing: ; font-size-adjust: ; font-kerning: ; font-feature-settings: ; font-variation-settings: ; color: rgb(var(--color_14)); letter-spacing: 0em; margin-block: 0px; margin: 0px;\"><span class=\"color_43 wixui-rich-text__text\" style=\"background: transparent; border: 0px; margin: 0px; outline: 0px; padding: 0px; vertical-align: baseline; color: rgb(var(--color_43));\"><span class=\"wixui-rich-text__text\" style=\"background: transparent; border: 0px; margin: 0px; outline: 0px; padding: 0px; vertical-align: baseline; font-size: 13px;\"><span class=\"wixui-rich-text__text\" style=\"background: transparent; border: 0px; margin: 0px; outline: 0px; padding: 0px; vertical-align: baseline; font-family: montserrat, sans-serif;\"><span class=\"wixui-rich-text__text\" style=\"background: transparent; border: 0px; margin: 0px; outline: 0px; padding: 0px; vertical-align: baseline; letter-spacing: normal;\"><span class=\"wixui-rich-text__text\" style=\"background: transparent; border: 0px; margin: 0px; outline: 0px; padding: 0px; vertical-align: baseline; font-weight: bold;\">E-mail:\u00a0vinicius@cordeirodebarros.com.br<\/span><\/span><\/span><\/span><\/span><\/p><p class=\"font_9 wixui-rich-text__text\" style=\"background: transparent; border: 0px; outline: 0px; padding: 0px; vertical-align: baseline; font-style: ; font-variant-ligatures: ; font-variant-caps: ; font-variant-numeric: ; font-variant-east-asian: ; font-variant-alternates: ; font-variant-position: ; font-weight: ; font-stretch: ; font-size: 13px; line-height: 1.6em; font-family: ; font-optical-sizing: ; font-size-adjust: ; font-kerning: ; font-feature-settings: ; font-variation-settings: ; color: rgb(var(--color_14)); letter-spacing: 0em; margin-block: 0px; margin: 0px;\"><\/p><p class=\"font_9 wixui-rich-text__text\" style=\"background: transparent; border: 0px; outline: 0px; padding: 0px; vertical-align: baseline; font-style: ; font-variant-ligatures: ; font-variant-caps: ; font-variant-numeric: ; font-variant-east-asian: ; font-variant-alternates: ; font-variant-position: ; font-weight: ; font-stretch: ; font-size: 13px; line-height: 1.6em; font-family: ; font-optical-sizing: ; font-size-adjust: ; font-kerning: ; font-feature-settings: ; font-variation-settings: ; color: rgb(var(--color_14)); letter-spacing: 0em; margin-block: 0px; margin: 0px;\"><\/p><\/li><\/ul><\/p>\n\n\n\n<div style=\"height:40px\" aria-hidden=\"true\" class=\"wp-block-spacer\"><\/div>\n\n\n\n<div class=\"wp-block-buttons is-content-justification-right is-layout-flex wp-container-core-buttons-is-layout-3 wp-block-buttons-is-layout-flex\">\n<div class=\"wp-block-button\"><a class=\"wp-block-button__link has-background has-text-align-right wp-element-button\" style=\"border-radius:0px;background-color:#003a77\">CONTATO<\/a><\/div>\n<\/div>\n<\/div>\n\n\n\n<div class=\"wp-block-column is-layout-flow wp-block-column-is-layout-flow\" style=\"flex-basis:15%\"><\/div>\n\n\n\n<div class=\"wp-block-column is-layout-flow wp-block-column-is-layout-flow\">\n<figure class=\"wp-block-image size-full is-resized\"><img loading=\"lazy\" decoding=\"async\" width=\"439\" height=\"408\" src=\"https:\/\/gibratel.com\/cordeirodebarrosadv\/wp-content\/uploads\/2024\/09\/vinicius.webp\" alt=\"\" class=\"wp-image-796\" style=\"width:390px;height:auto\" srcset=\"https:\/\/cordeirodebarros.com.br\/wp-content\/uploads\/2024\/09\/vinicius.webp 439w, https:\/\/cordeirodebarros.com.br\/wp-content\/uploads\/2024\/09\/vinicius-300x279.webp 300w\" sizes=\"(max-width: 439px) 100vw, 439px\" \/><\/figure>\n<\/div>\n<\/div>\n\n\n\n<div style=\"height:33px\" aria-hidden=\"true\" class=\"wp-block-spacer\"><\/div>\n\n\n\n<div class=\"wp-block-columns rodape is-layout-flex wp-container-core-columns-is-layout-6 wp-block-columns-is-layout-flex\">\n<div class=\"wp-block-column is-layout-flow wp-block-column-is-layout-flow\">\n<p class=\"has-text-align-center rodape has-base-3-color has-text-color has-background has-link-color wp-elements-6c9cf38f3aac39c7a36caa17fbc9c5df\" style=\"background-color:#003a73;font-size:10px\">\u00a92018-2024\u00a0 Cordeiro de Barros Advogados<\/p>\n<\/div>\n<\/div>\n\n\n\n<p><\/p>\n","protected":false},"excerpt":{"rendered":"<p>Dr. ORLANDO CORDEIRO DE BARROS Advogado militante desde 1987. Especialista em Direito Tribut\u00e1rio e Processo Civil pela Pontif\u00edcia Universidade Cat\u00f3lica de S\u00e3o Paulo \u2013 PCU\/SP. Especialista em Direito P\u00fablico pela Escola Superior do Minist\u00e9rio P\u00fablico do Estado de S\u00e3o Paulo. Especialista em Administra\u00e7\u00e3o de Empresas pela Faculdade S\u00e3o Lu\u00eds \u2013 SP. Especialista em Direito Civil &#8230; <a title=\"Advogados\" class=\"read-more\" href=\"https:\/\/cordeirodebarros.com.br\/index.php\/advogados\/\" aria-label=\"Read more about Advogados\">Ler mais<\/a><\/p>\n","protected":false},"author":1,"featured_media":0,"parent":0,"menu_order":0,"comment_status":"closed","ping_status":"closed","template":"","meta":{"footnotes":""},"_links":{"self":[{"href":"https:\/\/cordeirodebarros.com.br\/index.php\/wp-json\/wp\/v2\/pages\/771"}],"collection":[{"href":"https:\/\/cordeirodebarros.com.br\/index.php\/wp-json\/wp\/v2\/pages"}],"about":[{"href":"https:\/\/cordeirodebarros.com.br\/index.php\/wp-json\/wp\/v2\/types\/page"}],"author":[{"embeddable":true,"href":"https:\/\/cordeirodebarros.com.br\/index.php\/wp-json\/wp\/v2\/users\/1"}],"replies":[{"embeddable":true,"href":"https:\/\/cordeirodebarros.com.br\/index.php\/wp-json\/wp\/v2\/comments?post=771"}],"version-history":[{"count":21,"href":"https:\/\/cordeirodebarros.com.br\/index.php\/wp-json\/wp\/v2\/pages\/771\/revisions"}],"predecessor-version":[{"id":1195,"href":"https:\/\/cordeirodebarros.com.br\/index.php\/wp-json\/wp\/v2\/pages\/771\/revisions\/1195"}],"wp:attachment":[{"href":"https:\/\/cordeirodebarros.com.br\/index.php\/wp-json\/wp\/v2\/media?parent=771"}],"curies":[{"name":"wp","href":"https:\/\/api.w.org\/{rel}","templated":true}]}}